{"id":29,"date":"2019-10-30T09:55:43","date_gmt":"2019-10-30T08:55:43","guid":{"rendered":"http:\/\/neuropsy-pinsjustaret.fr\/?page_id=29"},"modified":"2024-10-17T11:56:42","modified_gmt":"2024-10-17T09:56:42","slug":"accueil","status":"publish","type":"page","link":"https:\/\/neuropsy-pinsjustaret.fr\/","title":{"rendered":"Accueil"},"content":{"rendered":"\t\t<div data-elementor-type=\"wp-page\" data-elementor-id=\"29\" class=\"elementor elementor-29\" data-elementor-settings=\"[]\">\n\t\t\t<div class=\"elementor-inner\">\n\t\t\t\t<div class=\"elementor-section-wrap\">\n\t\t\t\t\t\t\t<section class=\"elementor-element elementor-element-c383211 elementor-section-boxed elementor-section-height-default elementor-section-height-default elementor-section elementor-top-section\" data-id=\"c383211\" data-element_type=\"section\">\n\t\t\t\t\t\t<div class=\"elementor-container elementor-column-gap-default\">\n\t\t\t\t<div class=\"elementor-row\">\n\t\t\t\t<div class=\"elementor-element elementor-element-ce6cfb7 elementor-column elementor-col-100 elementor-top-column\" data-id=\"ce6cfb7\" data-element_type=\"column\">\n\t\t\t<div class=\"elementor-column-wrap  elementor-element-populated\">\n\t\t\t\t\t<div class=\"elementor-widget-wrap\">\n\t\t\t\t<section class=\"elementor-element elementor-element-9f74c32 elementor-section-boxed elementor-section-height-default elementor-section-height-default elementor-section elementor-inner-section\" data-id=\"9f74c32\" data-element_type=\"section\">\n\t\t\t\t\t\t<div class=\"elementor-container elementor-column-gap-default\">\n\t\t\t\t<div class=\"elementor-row\">\n\t\t\t\t<div class=\"elementor-element elementor-element-df925b1 elementor-column elementor-col-50 elementor-inner-column\" data-id=\"df925b1\" data-element_type=\"column\">\n\t\t\t<div class=\"elementor-column-wrap  elementor-element-populated\">\n\t\t\t\t\t<div class=\"elementor-widget-wrap\">\n\t\t\t\t<div class=\"elementor-element elementor-element-1554da1 elementor-widget elementor-widget-heading\" data-id=\"1554da1\" data-element_type=\"widget\" data-widget_type=\"heading.default\">\n\t\t\t\t<div class=\"elementor-widget-container\">\n\t\t\t<h2 class=\"elementor-heading-title elementor-size-default\">La Neuropsychologie: pourquoi prendre rendez-vous<\/h2>\t\t<\/div>\n\t\t\t\t<\/div>\n\t\t\t\t<div class=\"elementor-element elementor-element-d562b46 elementor-widget elementor-widget-text-editor\" data-id=\"d562b46\" data-element_type=\"widget\" data-widget_type=\"text-editor.default\">\n\t\t\t\t<div class=\"elementor-widget-container\">\n\t\t\t\t\t<div class=\"elementor-text-editor elementor-clearfix\"><p>Les consultations aupr\u00e8s d&rsquo;un neuropsychologue ne n\u00e9cessitent pas de prescription m\u00e9dicale.<br \/>Il existe plusieurs raisons pouvant amener \u00e0 une consultation aupr\u00e8s d&rsquo;un neuropsychologue :\u00a0<\/p><p>Chez l\u2019enfant\u00a0:<\/p><ul><li>Difficult\u00e9s scolaires ou quotidiennes : attention\/concentration, compr\u00e9hension, raisonnement, m\u00e9moire, organisation\u2026<\/li><li>Troubles sp\u00e9cifiques des apprentissages (dyslexie,\u00a0dysphasie, dyspraxie, dyscalculie, trouble d\u00e9ficitaire,\u00a0de l\u2019attention avec ou sans hyperactivit\u00e9\u2026)<\/li><li>Pr\u00e9cocit\u00e9<\/li><li>D\u00e9ficience intellectuelle<\/li><li>Pathologies neurologiques acquises (traumatisme\u00a0cr\u00e2nien, \u00e9pilepsie, tumeur c\u00e9r\u00e9brale\u2026)<\/li><li>Troubles du spectre de l\u2019autisme<\/li><\/ul><p>Chez l\u2019adulte\u00a0:<\/p><ul><li>Pathologie neurologique\u00a0(scl\u00e9rose en plaques, \u00e9pilepsie, pathologie neurod\u00e9g\u00e9n\u00e9rative type Alzheimer, Parkinson, DFT\u2026)<\/li><li>AVC\u00a0ou\u00a0traumatisme cr\u00e2nien\u00a0<\/li><li>Oublis, difficult\u00e9s attentionnelles ou d\u2019organisation dans la vie de tous les jours ou au travail<\/li><\/ul><p>Toutes ces raisons peuvent amener \u00e0 consulter un neuropsychologue, et ce afin d&rsquo;envisager par son biais et par le biais d&rsquo;un r\u00e9seau de professionnels la meilleure\u00a0prise en charge\u00a0possible pour le patient.\u00a0\u00a0<\/p><\/div>\n\t\t\t\t<\/div>\n\t\t\t\t<\/div>\n\t\t\t\t\t\t<\/div>\n\t\t\t<\/div>\n\t\t<\/div>\n\t\t\t\t<div class=\"elementor-element elementor-element-c09b79a elementor-column elementor-col-50 elementor-inner-column\" data-id=\"c09b79a\" data-element_type=\"column\">\n\t\t\t<div class=\"elementor-column-wrap  elementor-element-populated\">\n\t\t\t\t\t<div class=\"elementor-widget-wrap\">\n\t\t\t\t<div class=\"elementor-element elementor-element-b471fbe elementor-widget elementor-widget-image\" data-id=\"b471fbe\" data-element_type=\"widget\" data-widget_type=\"image.default\">\n\t\t\t\t<div class=\"elementor-widget-container\">\n\t\t\t\t\t<div class=\"elementor-image\">\n\t\t\t\t\t\t\t\t\t\t<img loading=\"lazy\" decoding=\"async\" width=\"900\" height=\"600\" src=\"https:\/\/neuropsy-pinsjustaret.fr\/wp-content\/uploads\/2019\/10\/bilan-neuropsy.jpg\" class=\"attachment-large size-large\" alt=\"\" srcset=\"https:\/\/neuropsy-pinsjustaret.fr\/wp-content\/uploads\/2019\/10\/bilan-neuropsy.jpg 900w, https:\/\/neuropsy-pinsjustaret.fr\/wp-content\/uploads\/2019\/10\/bilan-neuropsy-300x200.jpg 300w, https:\/\/neuropsy-pinsjustaret.fr\/wp-content\/uploads\/2019\/10\/bilan-neuropsy-768x512.jpg 768w, https:\/\/neuropsy-pinsjustaret.fr\/wp-content\/uploads\/2019\/10\/bilan-neuropsy-400x267.jpg 400w\" sizes=\"(max-width: 900px) 100vw, 900px\" \/>\t\t\t\t\t\t\t\t\t\t\t<\/div>\n\t\t\t\t<\/div>\n\t\t\t\t<\/div>\n\t\t\t\t<div class=\"elementor-element elementor-element-913e5fe elementor-widget elementor-widget-heading\" data-id=\"913e5fe\" data-element_type=\"widget\" data-widget_type=\"heading.default\">\n\t\t\t\t<div class=\"elementor-widget-container\">\n\t\t\t<h2 class=\"elementor-heading-title elementor-size-default\">Le Cabinet<\/h2>\t\t<\/div>\n\t\t\t\t<\/div>\n\t\t\t\t<div class=\"elementor-element elementor-element-2979f1b elementor-widget elementor-widget-text-editor\" data-id=\"2979f1b\" data-element_type=\"widget\" data-widget_type=\"text-editor.default\">\n\t\t\t\t<div class=\"elementor-widget-container\">\n\t\t\t\t\t<div class=\"elementor-text-editor elementor-clearfix\"><p>Situ\u00e9e au 1 Chemin de la Gare, 1et \u00e9tage, 31860 PINS JUSTARET ,<span style=\"font-size: 1rem;\">\u00a0je travaille au sein de la Maison de Sant\u00e9 de Pins Justaret aupr\u00e8s d\u2019autres professionnels\u00a0:<\/span><\/p><ul><li>M\u00e9decins g\u00e9n\u00e9ralistes<\/li><li>Orthophonistes<\/li><li>Orthoptistes<\/li><li>Pharmaciens<\/li><li>Kin\u00e9sith\u00e9rapeutes<\/li><li>Infirmi\u00e8res<\/li><\/ul><p>Un parking est \u00e0 disposition des patients juste devant le cabinet et comprend une place pour les personnes en situation de handicap.<\/p><\/div>\n\t\t\t\t<\/div>\n\t\t\t\t<\/div>\n\t\t\t\t\t\t<\/div>\n\t\t\t<\/div>\n\t\t<\/div>\n\t\t\t\t\t\t<\/div>\n\t\t\t<\/div>\n\t\t<\/section>\n\t\t\t\t\t\t<\/div>\n\t\t\t<\/div>\n\t\t<\/div>\n\t\t\t\t\t\t<\/div>\n\t\t\t<\/div>\n\t\t<\/section>\n\t\t\t\t<section class=\"elementor-element elementor-element-eb495c0 elementor-section-boxed elementor-section-height-default elementor-section-height-default elementor-section elementor-top-section\" data-id=\"eb495c0\" data-element_type=\"section\">\n\t\t\t\t\t\t<div class=\"elementor-container elementor-column-gap-default\">\n\t\t\t\t<div class=\"elementor-row\">\n\t\t\t\t<div class=\"elementor-element elementor-element-69f6bcb elementor-column elementor-col-100 elementor-top-column\" data-id=\"69f6bcb\" data-element_type=\"column\">\n\t\t\t<div class=\"elementor-column-wrap  elementor-element-populated\">\n\t\t\t\t\t<div class=\"elementor-widget-wrap\">\n\t\t\t\t<div class=\"elementor-element elementor-element-8bde8a1 elementor-widget elementor-widget-image\" data-id=\"8bde8a1\" data-element_type=\"widget\" data-widget_type=\"image.default\">\n\t\t\t\t<div class=\"elementor-widget-container\">\n\t\t\t\t\t<div class=\"elementor-image\">\n\t\t\t\t\t\t\t\t\t\t<img loading=\"lazy\" decoding=\"async\" width=\"300\" height=\"225\" src=\"https:\/\/neuropsy-pinsjustaret.fr\/wp-content\/uploads\/2019\/10\/IMG-20190912-WA0009-300x225.jpg\" class=\"attachment-medium size-medium\" alt=\"\" srcset=\"https:\/\/neuropsy-pinsjustaret.fr\/wp-content\/uploads\/2019\/10\/IMG-20190912-WA0009-300x225.jpg 300w, https:\/\/neuropsy-pinsjustaret.fr\/wp-content\/uploads\/2019\/10\/IMG-20190912-WA0009-768x576.jpg 768w, https:\/\/neuropsy-pinsjustaret.fr\/wp-content\/uploads\/2019\/10\/IMG-20190912-WA0009-1024x768.jpg 1024w, https:\/\/neuropsy-pinsjustaret.fr\/wp-content\/uploads\/2019\/10\/IMG-20190912-WA0009-400x300.jpg 400w, https:\/\/neuropsy-pinsjustaret.fr\/wp-content\/uploads\/2019\/10\/IMG-20190912-WA0009.jpg 1600w\" sizes=\"(max-width: 300px) 100vw, 300px\" \/>\t\t\t\t\t\t\t\t\t\t\t<\/div>\n\t\t\t\t<\/div>\n\t\t\t\t<\/div>\n\t\t\t\t\t\t<\/div>\n\t\t\t<\/div>\n\t\t<\/div>\n\t\t\t\t\t\t<\/div>\n\t\t\t<\/div>\n\t\t<\/section>\n\t\t\t\t\t\t<\/div>\n\t\t\t<\/div>\n\t\t<\/div>\n\t\t","protected":false},"excerpt":{"rendered":"<p>La Neuropsychologie: pourquoi prendre rendez-vous Les consultations aupr\u00e8s d&rsquo;un neuropsychologue ne n\u00e9cessitent pas de prescription m\u00e9dicale.Il existe plusieurs raisons pouvant amener \u00e0 une consultation aupr\u00e8s d&rsquo;un neuropsychologue :\u00a0 Chez l\u2019enfant\u00a0: Difficult\u00e9s scolaires ou quotidiennes : attention\/concentration, compr\u00e9hension, raisonnement, m\u00e9moire, organisation\u2026 Troubles sp\u00e9cifiques des apprentissages (dyslexie,\u00a0dysphasie, dyspraxie, dyscalculie, trouble d\u00e9ficitaire,\u00a0de l\u2019attention avec ou sans hyperactivit\u00e9\u2026) Pr\u00e9cocit\u00e9 D\u00e9ficience intellectuelle Pathologies neurologiques acquises<\/p>\n<p><a class=\"more-link\" href=\"https:\/\/neuropsy-pinsjustaret.fr\/\">Read More<\/a><\/p>\n","protected":false},"author":1,"featured_media":0,"parent":0,"menu_order":0,"comment_status":"closed","ping_status":"closed","template":"","meta":{"footnotes":""},"class_list":["post-29","page","type-page","status-publish","hentry"],"_links":{"self":[{"href":"https:\/\/neuropsy-pinsjustaret.fr\/index.php?rest_route=\/wp\/v2\/pages\/29"}],"collection":[{"href":"https:\/\/neuropsy-pinsjustaret.fr\/index.php?rest_route=\/wp\/v2\/pages"}],"about":[{"href":"https:\/\/neuropsy-pinsjustaret.fr\/index.php?rest_route=\/wp\/v2\/types\/page"}],"author":[{"embeddable":true,"href":"https:\/\/neuropsy-pinsjustaret.fr\/index.php?rest_route=\/wp\/v2\/users\/1"}],"replies":[{"embeddable":true,"href":"https:\/\/neuropsy-pinsjustaret.fr\/index.php?rest_route=%2Fwp%2Fv2%2Fcomments&post=29"}],"version-history":[{"count":16,"href":"https:\/\/neuropsy-pinsjustaret.fr\/index.php?rest_route=\/wp\/v2\/pages\/29\/revisions"}],"predecessor-version":[{"id":148,"href":"https:\/\/neuropsy-pinsjustaret.fr\/index.php?rest_route=\/wp\/v2\/pages\/29\/revisions\/148"}],"wp:attachment":[{"href":"https:\/\/neuropsy-pinsjustaret.fr\/index.php?rest_route=%2Fwp%2Fv2%2Fmedia&parent=29"}],"curies":[{"name":"wp","href":"https:\/\/api.w.org\/{rel}","templated":true}]}}