{"id":38,"date":"2019-10-30T10:04:36","date_gmt":"2019-10-30T09:04:36","guid":{"rendered":"http:\/\/neuropsy-pinsjustaret.fr\/?page_id=38"},"modified":"2024-10-17T12:07:38","modified_gmt":"2024-10-17T10:07:38","slug":"mon-parcours","status":"publish","type":"page","link":"https:\/\/neuropsy-pinsjustaret.fr\/?page_id=38","title":{"rendered":"Mon Parcours"},"content":{"rendered":"\t\t<div data-elementor-type=\"wp-page\" data-elementor-id=\"38\" class=\"elementor elementor-38\" data-elementor-settings=\"[]\">\n\t\t\t<div class=\"elementor-inner\">\n\t\t\t\t<div class=\"elementor-section-wrap\">\n\t\t\t\t\t\t\t<section class=\"elementor-element elementor-element-57ea6dd elementor-section-boxed elementor-section-height-default elementor-section-height-default elementor-section elementor-top-section\" data-id=\"57ea6dd\" data-element_type=\"section\">\n\t\t\t\t\t\t<div class=\"elementor-container elementor-column-gap-default\">\n\t\t\t\t<div class=\"elementor-row\">\n\t\t\t\t<div class=\"elementor-element elementor-element-868a87d elementor-column elementor-col-100 elementor-top-column\" data-id=\"868a87d\" data-element_type=\"column\">\n\t\t\t<div class=\"elementor-column-wrap  elementor-element-populated\">\n\t\t\t\t\t<div class=\"elementor-widget-wrap\">\n\t\t\t\t<section class=\"elementor-element elementor-element-bbcb9cd elementor-section-boxed elementor-section-height-default elementor-section-height-default elementor-section elementor-inner-section\" data-id=\"bbcb9cd\" data-element_type=\"section\">\n\t\t\t\t\t\t<div class=\"elementor-container elementor-column-gap-default\">\n\t\t\t\t<div class=\"elementor-row\">\n\t\t\t\t<div class=\"elementor-element elementor-element-d09699e elementor-column elementor-col-50 elementor-inner-column\" data-id=\"d09699e\" data-element_type=\"column\">\n\t\t\t<div class=\"elementor-column-wrap  elementor-element-populated\">\n\t\t\t\t\t<div class=\"elementor-widget-wrap\">\n\t\t\t\t<div class=\"elementor-element elementor-element-2d5c86a elementor-widget elementor-widget-image\" data-id=\"2d5c86a\" data-element_type=\"widget\" data-widget_type=\"image.default\">\n\t\t\t\t<div class=\"elementor-widget-container\">\n\t\t\t\t\t<div class=\"elementor-image\">\n\t\t\t\t\t\t\t\t\t\t<img decoding=\"async\" src=\"https:\/\/neuropsy-pinsjustaret.fr\/wp-content\/plugins\/elementor\/assets\/images\/placeholder.png\" title=\"\" alt=\"\" \/>\t\t\t\t\t\t\t\t\t\t\t<\/div>\n\t\t\t\t<\/div>\n\t\t\t\t<\/div>\n\t\t\t\t\t\t<\/div>\n\t\t\t<\/div>\n\t\t<\/div>\n\t\t\t\t<div class=\"elementor-element elementor-element-2516e0d elementor-column elementor-col-50 elementor-inner-column\" data-id=\"2516e0d\" data-element_type=\"column\">\n\t\t\t<div class=\"elementor-column-wrap  elementor-element-populated\">\n\t\t\t\t\t<div class=\"elementor-widget-wrap\">\n\t\t\t\t<div class=\"elementor-element elementor-element-40846b6 elementor-widget elementor-widget-heading\" data-id=\"40846b6\" data-element_type=\"widget\" data-widget_type=\"heading.default\">\n\t\t\t\t<div class=\"elementor-widget-container\">\n\t\t\t<h2 class=\"elementor-heading-title elementor-size-default\">Mon Parcours<\/h2>\t\t<\/div>\n\t\t\t\t<\/div>\n\t\t\t\t<div class=\"elementor-element elementor-element-22ea3c8 elementor-widget elementor-widget-text-editor\" data-id=\"22ea3c8\" data-element_type=\"widget\" data-widget_type=\"text-editor.default\">\n\t\t\t\t<div class=\"elementor-widget-container\">\n\t\t\t\t\t<div class=\"elementor-text-editor elementor-clearfix\"><p>Dipl\u00f4m\u00e9e depuis 2009 d&rsquo;un <strong>Master 2 professionnel <\/strong>en psychologie du d\u00e9veloppement et neuropsychologie \u00e0 l&rsquo;universit\u00e9 de Poitiers, j&rsquo;ai travaill\u00e9 durant dix ans au CHU de Purpan dans le service de Neurologie du Pr. Pariente. J\u2019ai ainsi pu d\u00e9velopper mes comp\u00e9tences dans les domaines des pathologies neurologiques ou neuro-d\u00e9veloppementales, chez les enfants comme chez les adultes.<\/p><p>Aujourd&rsquo;hui j&rsquo;ai d\u00e9cid\u00e9 de mettre mon savoir-faire et mon exp\u00e9rience au profit des patients pour qui les d\u00e9placements \u00e0 Toulouse sont difficiles. Cela dans le but de garantir l&rsquo;acc\u00e8s aux soins pour tous.<\/p><p>Constamment en cours de formation, j&rsquo;aspire \u00e0 me sp\u00e9cialiser dans l&rsquo;\u00e9valuation et l&rsquo;accompagnement du TDAH \u00e0 tous les \u00e2ges.<\/p><p>J&rsquo;accompagne \u00e9galement les adultes dans leur milieu professionnel, en lien avec la m\u00e9decine du travail.<\/p><\/div>\n\t\t\t\t<\/div>\n\t\t\t\t<\/div>\n\t\t\t\t\t\t<\/div>\n\t\t\t<\/div>\n\t\t<\/div>\n\t\t\t\t\t\t<\/div>\n\t\t\t<\/div>\n\t\t<\/section>\n\t\t\t\t\t\t<\/div>\n\t\t\t<\/div>\n\t\t<\/div>\n\t\t\t\t\t\t<\/div>\n\t\t\t<\/div>\n\t\t<\/section>\n\t\t\t\t\t\t<\/div>\n\t\t\t<\/div>\n\t\t<\/div>\n\t\t","protected":false},"excerpt":{"rendered":"<p>Mon Parcours Dipl\u00f4m\u00e9e depuis 2009 d&rsquo;un Master 2 professionnel en psychologie du d\u00e9veloppement et neuropsychologie \u00e0 l&rsquo;universit\u00e9 de Poitiers, j&rsquo;ai travaill\u00e9 durant dix ans au CHU de Purpan dans le service de Neurologie du Pr. Pariente. J\u2019ai ainsi pu d\u00e9velopper mes comp\u00e9tences dans les domaines des pathologies neurologiques ou neuro-d\u00e9veloppementales, chez les enfants comme chez les adultes. Aujourd&rsquo;hui j&rsquo;ai d\u00e9cid\u00e9<\/p>\n<p><a class=\"more-link\" href=\"https:\/\/neuropsy-pinsjustaret.fr\/?page_id=38\">Read More<\/a><\/p>\n","protected":false},"author":1,"featured_media":0,"parent":0,"menu_order":0,"comment_status":"closed","ping_status":"closed","template":"","meta":{"footnotes":""},"class_list":["post-38","page","type-page","status-publish","hentry"],"_links":{"self":[{"href":"https:\/\/neuropsy-pinsjustaret.fr\/index.php?rest_route=\/wp\/v2\/pages\/38"}],"collection":[{"href":"https:\/\/neuropsy-pinsjustaret.fr\/index.php?rest_route=\/wp\/v2\/pages"}],"about":[{"href":"https:\/\/neuropsy-pinsjustaret.fr\/index.php?rest_route=\/wp\/v2\/types\/page"}],"author":[{"embeddable":true,"href":"https:\/\/neuropsy-pinsjustaret.fr\/index.php?rest_route=\/wp\/v2\/users\/1"}],"replies":[{"embeddable":true,"href":"https:\/\/neuropsy-pinsjustaret.fr\/index.php?rest_route=%2Fwp%2Fv2%2Fcomments&post=38"}],"version-history":[{"count":5,"href":"https:\/\/neuropsy-pinsjustaret.fr\/index.php?rest_route=\/wp\/v2\/pages\/38\/revisions"}],"predecessor-version":[{"id":151,"href":"https:\/\/neuropsy-pinsjustaret.fr\/index.php?rest_route=\/wp\/v2\/pages\/38\/revisions\/151"}],"wp:attachment":[{"href":"https:\/\/neuropsy-pinsjustaret.fr\/index.php?rest_route=%2Fwp%2Fv2%2Fmedia&parent=38"}],"curies":[{"name":"wp","href":"https:\/\/api.w.org\/{rel}","templated":true}]}}