{"id":40,"date":"2019-10-30T10:05:06","date_gmt":"2019-10-30T09:05:06","guid":{"rendered":"http:\/\/neuropsy-pinsjustaret.fr\/?page_id=40"},"modified":"2019-10-30T13:28:28","modified_gmt":"2019-10-30T12:28:28","slug":"les-evaluations","status":"publish","type":"page","link":"https:\/\/neuropsy-pinsjustaret.fr\/?page_id=40","title":{"rendered":"Les Evaluations"},"content":{"rendered":"\t\t<div data-elementor-type=\"wp-page\" data-elementor-id=\"40\" class=\"elementor elementor-40\" data-elementor-settings=\"[]\">\n\t\t\t<div class=\"elementor-inner\">\n\t\t\t\t<div class=\"elementor-section-wrap\">\n\t\t\t\t\t\t\t<section class=\"elementor-element elementor-element-8fe44f5 elementor-section-boxed elementor-section-height-default elementor-section-height-default elementor-section elementor-top-section\" data-id=\"8fe44f5\" data-element_type=\"section\">\n\t\t\t\t\t\t<div class=\"elementor-container elementor-column-gap-default\">\n\t\t\t\t<div class=\"elementor-row\">\n\t\t\t\t<div class=\"elementor-element elementor-element-39e5a8d elementor-column elementor-col-100 elementor-top-column\" data-id=\"39e5a8d\" data-element_type=\"column\">\n\t\t\t<div class=\"elementor-column-wrap  elementor-element-populated\">\n\t\t\t\t\t<div class=\"elementor-widget-wrap\">\n\t\t\t\t<section class=\"elementor-element elementor-element-35d2070 elementor-section-boxed elementor-section-height-default elementor-section-height-default elementor-section elementor-inner-section\" data-id=\"35d2070\" data-element_type=\"section\">\n\t\t\t\t\t\t<div class=\"elementor-container elementor-column-gap-default\">\n\t\t\t\t<div class=\"elementor-row\">\n\t\t\t\t<div class=\"elementor-element elementor-element-fa5d7dc elementor-column elementor-col-50 elementor-inner-column\" data-id=\"fa5d7dc\" data-element_type=\"column\">\n\t\t\t<div class=\"elementor-column-wrap  elementor-element-populated\">\n\t\t\t\t\t<div class=\"elementor-widget-wrap\">\n\t\t\t\t<div class=\"elementor-element elementor-element-6875a94 elementor-widget elementor-widget-heading\" data-id=\"6875a94\" data-element_type=\"widget\" data-widget_type=\"heading.default\">\n\t\t\t\t<div class=\"elementor-widget-container\">\n\t\t\t<h2 class=\"elementor-heading-title elementor-size-default\">Chez les Enfants<\/h2>\t\t<\/div>\n\t\t\t\t<\/div>\n\t\t\t\t<div class=\"elementor-element elementor-element-b39a936 elementor-widget elementor-widget-image\" data-id=\"b39a936\" data-element_type=\"widget\" data-widget_type=\"image.default\">\n\t\t\t\t<div class=\"elementor-widget-container\">\n\t\t\t\t\t<div class=\"elementor-image\">\n\t\t\t\t\t\t\t\t\t\t<img loading=\"lazy\" decoding=\"async\" width=\"1024\" height=\"683\" src=\"https:\/\/neuropsy-pinsjustaret.fr\/wp-content\/uploads\/2019\/10\/dessin-enfant-1024x683.jpg\" class=\"attachment-large size-large\" alt=\"\" srcset=\"https:\/\/neuropsy-pinsjustaret.fr\/wp-content\/uploads\/2019\/10\/dessin-enfant-1024x683.jpg 1024w, https:\/\/neuropsy-pinsjustaret.fr\/wp-content\/uploads\/2019\/10\/dessin-enfant-300x200.jpg 300w, https:\/\/neuropsy-pinsjustaret.fr\/wp-content\/uploads\/2019\/10\/dessin-enfant-768x512.jpg 768w, https:\/\/neuropsy-pinsjustaret.fr\/wp-content\/uploads\/2019\/10\/dessin-enfant-400x267.jpg 400w, https:\/\/neuropsy-pinsjustaret.fr\/wp-content\/uploads\/2019\/10\/dessin-enfant.jpg 1920w\" sizes=\"(max-width: 1024px) 100vw, 1024px\" \/>\t\t\t\t\t\t\t\t\t\t\t<\/div>\n\t\t\t\t<\/div>\n\t\t\t\t<\/div>\n\t\t\t\t<div class=\"elementor-element elementor-element-dc57869 elementor-widget elementor-widget-text-editor\" data-id=\"dc57869\" data-element_type=\"widget\" data-widget_type=\"text-editor.default\">\n\t\t\t\t<div class=\"elementor-widget-container\">\n\t\t\t\t\t<div class=\"elementor-text-editor elementor-clearfix\"><p>Une \u00e9valuation neuropsychologique sert \u00e0 d\u00e9crire le fonctionnement cognitif de l\u2019enfant. Plus pr\u00e9cis\u00e9ment, elle permet d\u2019identifier les troubles et leurs r\u00e9percussions sur les apprentissages, le comportement et le d\u00e9veloppement affectif, tout en mettant en \u00e9vidence les capacit\u00e9s sur lesquelles l\u2019enfant peut s\u2019appuyer.<\/p><p>Un bilan neuropsychologique peut \u00eatre demand\u00e9 par un m\u00e9decin (p\u00e9diatre, p\u00e9dopsychiatre) dans le but d\u2019aider \u00e0 un\u00a0<strong>diagnostic\u00a0<\/strong>(ex : d\u00e9ficience intellectuelle, haut potentiel intellectuel, dyslexie, dyspraxie, dyscalculie, TDA-H,\u2026) ou d\u2019appr\u00e9cier l\u2019\u00e9volution des troubles. Il peut \u00e9galement \u00eatre sollicit\u00e9 par un enseignant confront\u00e9 aux\u00a0<strong>difficult\u00e9s scolaires<\/strong>\u00a0d\u2019un enfant afin de mieux comprendre son fonctionnement et d\u2019adapter les apprentissages.<\/p><p>Une \u00e9valuation peut prendre diff\u00e9rentes formes :<\/p><ul><li><strong><em>Un bilan psychom\u00e9trique<\/em>\u00a0<\/strong>: plus commun\u00e9ment appel\u00e9 test de QI, un bilan psychom\u00e9trique permet d\u2019\u00e9valuer le fonctionnement intellectuel\u00a0global de l\u2019enfant<\/li><li><strong><em>Un bilan neuropsychologique<\/em><\/strong>\u00a0: cette \u00e9valuation des fonctions cognitives comporte\u00a0un test psychom\u00e9trique et des \u00e9preuves sp\u00e9cifiques \u00e9valuant les diff\u00e9rents domaines du fonctionnement cognitif (m\u00e9moire, attention\/concentration, fonctions ex\u00e9cutives)<\/li><\/ul><\/div>\n\t\t\t\t<\/div>\n\t\t\t\t<\/div>\n\t\t\t\t\t\t<\/div>\n\t\t\t<\/div>\n\t\t<\/div>\n\t\t\t\t<div class=\"elementor-element elementor-element-352ff5c elementor-column elementor-col-50 elementor-inner-column\" data-id=\"352ff5c\" data-element_type=\"column\">\n\t\t\t<div class=\"elementor-column-wrap  elementor-element-populated\">\n\t\t\t\t\t<div class=\"elementor-widget-wrap\">\n\t\t\t\t<div class=\"elementor-element elementor-element-fa9a034 elementor-widget elementor-widget-heading\" data-id=\"fa9a034\" data-element_type=\"widget\" data-widget_type=\"heading.default\">\n\t\t\t\t<div class=\"elementor-widget-container\">\n\t\t\t<h2 class=\"elementor-heading-title elementor-size-default\">Chez les Adultes<\/h2>\t\t<\/div>\n\t\t\t\t<\/div>\n\t\t\t\t<div class=\"elementor-element elementor-element-3969523 elementor-widget elementor-widget-text-editor\" data-id=\"3969523\" data-element_type=\"widget\" data-widget_type=\"text-editor.default\">\n\t\t\t\t<div class=\"elementor-widget-container\">\n\t\t\t\t\t<div class=\"elementor-text-editor elementor-clearfix\"><p>L\u2019\u00e9valuation va diff\u00e9rer en fonction de la demande du patient. Plusieurs possibilit\u00e9s peuvent donc se pr\u00e9senter\u00a0:<\/p><p>&#8211; <strong><em>Bilan Personnes \u00e2g\u00e9es<\/em><\/strong>\u00a0: Il s\u2019agit ici d\u2019un bilan de \u00ab\u00a0premi\u00e8re intention\u00a0\u00bb \u00e9valuant les grandes fonctions cognitives (m\u00e9moire, attention, langage\u2026) et permettant de mettre en \u00e9vidence les possibles fragilit\u00e9s du patient. Cela dans le but d\u2019orienter un diagnostic aupr\u00e8s du neurologue ou du m\u00e9decin traitant et de proposer des am\u00e9nagements dans la vie de tous les jours si besoin.<\/p><p>&#8211; <strong><em>Bilan attentionnel\/des fonctions ex\u00e9cutives<\/em><\/strong>\u00a0: En fonction de la demande du patient et de ses difficult\u00e9s au quotidien, nous \u00e9valuerons plus sp\u00e9cifiquement ces domaines \u00e0 travers diff\u00e9rentes \u00e9preuves. Cela permet d\u2019\u00e9tablir un profil cognitif et de proposer des am\u00e9nagements ou une prise en charge, notamment pour am\u00e9liorer la vie professionnelle.<\/p><p>&#8211; <strong><em>Bilan sp\u00e9cifique de la m\u00e9moire<\/em><\/strong>\u00a0: Un bilan sp\u00e9cifique de la m\u00e9moire est possible dans des situations particuli\u00e8res. Nous \u00e9valuons ici les diff\u00e9rents domaines de la m\u00e9moire pour \u00e9tablir un profil mn\u00e9sique d\u00e9taill\u00e9 et proposer des pr\u00e9conisations pour le patient et sa famille. En fonction du bilan, une prise en charge neuropsychologique sera propos\u00e9e si n\u00e9cessaire ou une orientation vers d\u2019autres professionnels.<\/p><\/div>\n\t\t\t\t<\/div>\n\t\t\t\t<\/div>\n\t\t\t\t<div class=\"elementor-element elementor-element-ac60e69 elementor-widget elementor-widget-image\" data-id=\"ac60e69\" data-element_type=\"widget\" data-widget_type=\"image.default\">\n\t\t\t\t<div class=\"elementor-widget-container\">\n\t\t\t\t\t<div class=\"elementor-image\">\n\t\t\t\t\t\t\t\t\t\t<img loading=\"lazy\" decoding=\"async\" width=\"300\" height=\"300\" src=\"https:\/\/neuropsy-pinsjustaret.fr\/wp-content\/uploads\/2019\/10\/cubes.png\" class=\"attachment-full size-full\" alt=\"\" srcset=\"https:\/\/neuropsy-pinsjustaret.fr\/wp-content\/uploads\/2019\/10\/cubes.png 300w, https:\/\/neuropsy-pinsjustaret.fr\/wp-content\/uploads\/2019\/10\/cubes-150x150.png 150w\" sizes=\"(max-width: 300px) 100vw, 300px\" \/>\t\t\t\t\t\t\t\t\t\t\t<\/div>\n\t\t\t\t<\/div>\n\t\t\t\t<\/div>\n\t\t\t\t\t\t<\/div>\n\t\t\t<\/div>\n\t\t<\/div>\n\t\t\t\t\t\t<\/div>\n\t\t\t<\/div>\n\t\t<\/section>\n\t\t\t\t\t\t<\/div>\n\t\t\t<\/div>\n\t\t<\/div>\n\t\t\t\t\t\t<\/div>\n\t\t\t<\/div>\n\t\t<\/section>\n\t\t\t\t\t\t<\/div>\n\t\t\t<\/div>\n\t\t<\/div>\n\t\t","protected":false},"excerpt":{"rendered":"<p>Chez les Enfants Une \u00e9valuation neuropsychologique sert \u00e0 d\u00e9crire le fonctionnement cognitif de l\u2019enfant. Plus pr\u00e9cis\u00e9ment, elle permet d\u2019identifier les troubles et leurs r\u00e9percussions sur les apprentissages, le comportement et le d\u00e9veloppement affectif, tout en mettant en \u00e9vidence les capacit\u00e9s sur lesquelles l\u2019enfant peut s\u2019appuyer. Un bilan neuropsychologique peut \u00eatre demand\u00e9 par un m\u00e9decin (p\u00e9diatre, p\u00e9dopsychiatre) dans le but d\u2019aider<\/p>\n<p><a class=\"more-link\" href=\"https:\/\/neuropsy-pinsjustaret.fr\/?page_id=40\">Read More<\/a><\/p>\n","protected":false},"author":1,"featured_media":0,"parent":0,"menu_order":0,"comment_status":"closed","ping_status":"closed","template":"","meta":{"footnotes":""},"class_list":["post-40","page","type-page","status-publish","hentry"],"_links":{"self":[{"href":"https:\/\/neuropsy-pinsjustaret.fr\/index.php?rest_route=\/wp\/v2\/pages\/40"}],"collection":[{"href":"https:\/\/neuropsy-pinsjustaret.fr\/index.php?rest_route=\/wp\/v2\/pages"}],"about":[{"href":"https:\/\/neuropsy-pinsjustaret.fr\/index.php?rest_route=\/wp\/v2\/types\/page"}],"author":[{"embeddable":true,"href":"https:\/\/neuropsy-pinsjustaret.fr\/index.php?rest_route=\/wp\/v2\/users\/1"}],"replies":[{"embeddable":true,"href":"https:\/\/neuropsy-pinsjustaret.fr\/index.php?rest_route=%2Fwp%2Fv2%2Fcomments&post=40"}],"version-history":[{"count":2,"href":"https:\/\/neuropsy-pinsjustaret.fr\/index.php?rest_route=\/wp\/v2\/pages\/40\/revisions"}],"predecessor-version":[{"id":92,"href":"https:\/\/neuropsy-pinsjustaret.fr\/index.php?rest_route=\/wp\/v2\/pages\/40\/revisions\/92"}],"wp:attachment":[{"href":"https:\/\/neuropsy-pinsjustaret.fr\/index.php?rest_route=%2Fwp%2Fv2%2Fmedia&parent=40"}],"curies":[{"name":"wp","href":"https:\/\/api.w.org\/{rel}","templated":true}]}}