{"id":42,"date":"2019-10-30T10:05:31","date_gmt":"2019-10-30T09:05:31","guid":{"rendered":"http:\/\/neuropsy-pinsjustaret.fr\/?page_id=42"},"modified":"2019-10-30T14:08:07","modified_gmt":"2019-10-30T13:08:07","slug":"la-remediation-cognitive","status":"publish","type":"page","link":"https:\/\/neuropsy-pinsjustaret.fr\/?page_id=42","title":{"rendered":"La Rem\u00e9diation Cognitive"},"content":{"rendered":"\t\t<div data-elementor-type=\"wp-page\" data-elementor-id=\"42\" class=\"elementor elementor-42\" data-elementor-settings=\"[]\">\n\t\t\t<div class=\"elementor-inner\">\n\t\t\t\t<div class=\"elementor-section-wrap\">\n\t\t\t\t\t\t\t<section class=\"elementor-element elementor-element-79c4d7b elementor-section-boxed elementor-section-height-default elementor-section-height-default elementor-section elementor-top-section\" data-id=\"79c4d7b\" data-element_type=\"section\">\n\t\t\t\t\t\t<div class=\"elementor-container elementor-column-gap-default\">\n\t\t\t\t<div class=\"elementor-row\">\n\t\t\t\t<div class=\"elementor-element elementor-element-fcfe760 elementor-column elementor-col-100 elementor-top-column\" data-id=\"fcfe760\" data-element_type=\"column\">\n\t\t\t<div class=\"elementor-column-wrap  elementor-element-populated\">\n\t\t\t\t\t<div class=\"elementor-widget-wrap\">\n\t\t\t\t<div class=\"elementor-element elementor-element-24740f4 elementor-widget elementor-widget-heading\" data-id=\"24740f4\" data-element_type=\"widget\" data-widget_type=\"heading.default\">\n\t\t\t\t<div class=\"elementor-widget-container\">\n\t\t\t<h2 class=\"elementor-heading-title elementor-size-default\">La Rem\u00e9diation Cognitive<\/h2>\t\t<\/div>\n\t\t\t\t<\/div>\n\t\t\t\t<div class=\"elementor-element elementor-element-6eb0eaf elementor-widget elementor-widget-text-editor\" data-id=\"6eb0eaf\" data-element_type=\"widget\" data-widget_type=\"text-editor.default\">\n\t\t\t\t<div class=\"elementor-widget-container\">\n\t\t\t\t\t<div class=\"elementor-text-editor elementor-clearfix\"><p>Le suivi neuropsychologique est propos\u00e9 suite \u00e0 une\u00a0<a href=\"http:\/\/ctonnotmensier-neuropsy.fr\/bilan-psychometrique\/\">\u00e9valuation neuropsychologique<\/a>, lorsque des troubles cognitifs sont rep\u00e9r\u00e9s chez le patient.<\/p><p>Que ce soit pour les enfants comme pour les adultes, diff\u00e9rents axes de travail sont propos\u00e9s :<\/p><p>&#8211; la rem\u00e9diation cognitive\u00a0: elle vise la stimulation des fonctions cognitives d\u00e9ficitaires \u00e0 travers\u00a0des programmes d\u2019entrainement sous forme de jeux, de mat\u00e9riel\u00a0informatis\u00e9 ou d\u2019exercices papier-crayon.<\/p><p>&#8211; la m\u00e9tacognition\u00a0: elle a pour objectif la prise de conscience des troubles et la compr\u00e9hension de son propre fonctionnement cognitif, c\u2019est-\u00e0-dire\u00a0la fa\u00e7on dont chaque fonction est sollicit\u00e9e au quotidien ou dans les apprentissages.<\/p><p>&#8211; la compensation des troubles\u00a0: elle consiste en la mise en place de strat\u00e9gies alternatives en utilisant les fonctions cognitives pr\u00e9serv\u00e9es.<\/p><p>Il s\u2019agit de s\u00e9ances individuelles hebdomadaires, d\u2019une dur\u00e9e de 45 minutes.<\/p><p>Cet accompagnement n\u00e9cessite l\u2019implication et la participation active du patient. Concernant les enfants, des points r\u00e9guliers sont propos\u00e9s \u00e0 la famille afin de permettre la g\u00e9n\u00e9ralisation du travail propos\u00e9 et de d\u00e9cider de la poursuite de l\u2019accompagnement.<\/p><p>Enfin, un lien est propos\u00e9 avec les diff\u00e9rents professionnels intervenant aupr\u00e8s du patient (m\u00e9decins, r\u00e9\u00e9ducateurs, \u00e9cole).<\/p><\/div>\n\t\t\t\t<\/div>\n\t\t\t\t<\/div>\n\t\t\t\t<div class=\"elementor-element elementor-element-596d620 elementor-widget elementor-widget-image\" data-id=\"596d620\" data-element_type=\"widget\" data-widget_type=\"image.default\">\n\t\t\t\t<div class=\"elementor-widget-container\">\n\t\t\t\t\t<div class=\"elementor-image\">\n\t\t\t\t\t\t\t\t\t\t<img loading=\"lazy\" decoding=\"async\" width=\"300\" height=\"201\" src=\"https:\/\/neuropsy-pinsjustaret.fr\/wp-content\/uploads\/2019\/10\/test-neuropsy.jpg\" class=\"attachment-large size-large\" alt=\"\" \/>\t\t\t\t\t\t\t\t\t\t\t<\/div>\n\t\t\t\t<\/div>\n\t\t\t\t<\/div>\n\t\t\t\t\t\t<\/div>\n\t\t\t<\/div>\n\t\t<\/div>\n\t\t\t\t\t\t<\/div>\n\t\t\t<\/div>\n\t\t<\/section>\n\t\t\t\t\t\t<\/div>\n\t\t\t<\/div>\n\t\t<\/div>\n\t\t","protected":false},"excerpt":{"rendered":"<p>La Rem\u00e9diation Cognitive Le suivi neuropsychologique est propos\u00e9 suite \u00e0 une&nbsp;\u00e9valuation neuropsychologique, lorsque des troubles cognitifs sont rep\u00e9r\u00e9s chez le patient. Que ce soit pour les enfants comme pour les adultes, diff\u00e9rents axes de travail sont propos\u00e9s : &#8211; la rem\u00e9diation cognitive&nbsp;: elle vise la stimulation des fonctions cognitives d\u00e9ficitaires \u00e0 travers&nbsp;des programmes d\u2019entrainement sous forme de jeux, de mat\u00e9riel&nbsp;informatis\u00e9<\/p>\n<p><a class=\"more-link\" href=\"https:\/\/neuropsy-pinsjustaret.fr\/?page_id=42\">Read More<\/a><\/p>\n","protected":false},"author":1,"featured_media":0,"parent":0,"menu_order":0,"comment_status":"closed","ping_status":"closed","template":"","meta":{"footnotes":""},"class_list":["post-42","page","type-page","status-publish","hentry"],"_links":{"self":[{"href":"https:\/\/neuropsy-pinsjustaret.fr\/index.php?rest_route=\/wp\/v2\/pages\/42"}],"collection":[{"href":"https:\/\/neuropsy-pinsjustaret.fr\/index.php?rest_route=\/wp\/v2\/pages"}],"about":[{"href":"https:\/\/neuropsy-pinsjustaret.fr\/index.php?rest_route=\/wp\/v2\/types\/page"}],"author":[{"embeddable":true,"href":"https:\/\/neuropsy-pinsjustaret.fr\/index.php?rest_route=\/wp\/v2\/users\/1"}],"replies":[{"embeddable":true,"href":"https:\/\/neuropsy-pinsjustaret.fr\/index.php?rest_route=%2Fwp%2Fv2%2Fcomments&post=42"}],"version-history":[{"count":3,"href":"https:\/\/neuropsy-pinsjustaret.fr\/index.php?rest_route=\/wp\/v2\/pages\/42\/revisions"}],"predecessor-version":[{"id":112,"href":"https:\/\/neuropsy-pinsjustaret.fr\/index.php?rest_route=\/wp\/v2\/pages\/42\/revisions\/112"}],"wp:attachment":[{"href":"https:\/\/neuropsy-pinsjustaret.fr\/index.php?rest_route=%2Fwp%2Fv2%2Fmedia&parent=42"}],"curies":[{"name":"wp","href":"https:\/\/api.w.org\/{rel}","templated":true}]}}