{"id":44,"date":"2019-10-30T10:05:43","date_gmt":"2019-10-30T09:05:43","guid":{"rendered":"http:\/\/neuropsy-pinsjustaret.fr\/?page_id=44"},"modified":"2019-10-30T13:37:46","modified_gmt":"2019-10-30T12:37:46","slug":"les-aidants","status":"publish","type":"page","link":"https:\/\/neuropsy-pinsjustaret.fr\/?page_id=44","title":{"rendered":"Les Aidants"},"content":{"rendered":"\t\t<div data-elementor-type=\"wp-page\" data-elementor-id=\"44\" class=\"elementor elementor-44\" data-elementor-settings=\"[]\">\n\t\t\t<div class=\"elementor-inner\">\n\t\t\t\t<div class=\"elementor-section-wrap\">\n\t\t\t\t\t\t\t<section class=\"elementor-element elementor-element-fee7e81 elementor-section-boxed elementor-section-height-default elementor-section-height-default elementor-section elementor-top-section\" data-id=\"fee7e81\" data-element_type=\"section\">\n\t\t\t\t\t\t<div class=\"elementor-container elementor-column-gap-default\">\n\t\t\t\t<div class=\"elementor-row\">\n\t\t\t\t<div class=\"elementor-element elementor-element-2d1ffaf elementor-column elementor-col-100 elementor-top-column\" data-id=\"2d1ffaf\" data-element_type=\"column\">\n\t\t\t<div class=\"elementor-column-wrap  elementor-element-populated\">\n\t\t\t\t\t<div class=\"elementor-widget-wrap\">\n\t\t\t\t<section class=\"elementor-element elementor-element-7ec4435 elementor-section-boxed elementor-section-height-default elementor-section-height-default elementor-section elementor-inner-section\" data-id=\"7ec4435\" data-element_type=\"section\">\n\t\t\t\t\t\t<div class=\"elementor-container elementor-column-gap-default\">\n\t\t\t\t<div class=\"elementor-row\">\n\t\t\t\t<div class=\"elementor-element elementor-element-396e131 elementor-column elementor-col-50 elementor-inner-column\" data-id=\"396e131\" data-element_type=\"column\">\n\t\t\t<div class=\"elementor-column-wrap  elementor-element-populated\">\n\t\t\t\t\t<div class=\"elementor-widget-wrap\">\n\t\t\t\t<div class=\"elementor-element elementor-element-41cda6f elementor-widget elementor-widget-heading\" data-id=\"41cda6f\" data-element_type=\"widget\" data-widget_type=\"heading.default\">\n\t\t\t\t<div class=\"elementor-widget-container\">\n\t\t\t<h2 class=\"elementor-heading-title elementor-size-default\">Les Aidants<\/h2>\t\t<\/div>\n\t\t\t\t<\/div>\n\t\t\t\t<div class=\"elementor-element elementor-element-88cf719 elementor-widget elementor-widget-image\" data-id=\"88cf719\" data-element_type=\"widget\" data-widget_type=\"image.default\">\n\t\t\t\t<div class=\"elementor-widget-container\">\n\t\t\t\t\t<div class=\"elementor-image\">\n\t\t\t\t\t\t\t\t\t\t<img loading=\"lazy\" decoding=\"async\" width=\"1009\" height=\"1024\" src=\"https:\/\/neuropsy-pinsjustaret.fr\/wp-content\/uploads\/2019\/10\/les-aidants-pinsjustaret-toulouse-neuropsychologie-1009x1024.jpg\" class=\"attachment-large size-large\" alt=\"\" srcset=\"https:\/\/neuropsy-pinsjustaret.fr\/wp-content\/uploads\/2019\/10\/les-aidants-pinsjustaret-toulouse-neuropsychologie-1009x1024.jpg 1009w, https:\/\/neuropsy-pinsjustaret.fr\/wp-content\/uploads\/2019\/10\/les-aidants-pinsjustaret-toulouse-neuropsychologie-296x300.jpg 296w, https:\/\/neuropsy-pinsjustaret.fr\/wp-content\/uploads\/2019\/10\/les-aidants-pinsjustaret-toulouse-neuropsychologie-768x779.jpg 768w, https:\/\/neuropsy-pinsjustaret.fr\/wp-content\/uploads\/2019\/10\/les-aidants-pinsjustaret-toulouse-neuropsychologie-800x812.jpg 800w\" sizes=\"(max-width: 1009px) 100vw, 1009px\" \/>\t\t\t\t\t\t\t\t\t\t\t<\/div>\n\t\t\t\t<\/div>\n\t\t\t\t<\/div>\n\t\t\t\t\t\t<\/div>\n\t\t\t<\/div>\n\t\t<\/div>\n\t\t\t\t<div class=\"elementor-element elementor-element-058159e elementor-column elementor-col-50 elementor-inner-column\" data-id=\"058159e\" data-element_type=\"column\">\n\t\t\t<div class=\"elementor-column-wrap  elementor-element-populated\">\n\t\t\t\t\t<div class=\"elementor-widget-wrap\">\n\t\t\t\t<div class=\"elementor-element elementor-element-3476c29 elementor-widget elementor-widget-text-editor\" data-id=\"3476c29\" data-element_type=\"widget\" data-widget_type=\"text-editor.default\">\n\t\t\t\t<div class=\"elementor-widget-container\">\n\t\t\t\t\t<div class=\"elementor-text-editor elementor-clearfix\"><p>Aider un proche d\u00e9pendant est une situation difficile qui conduit parfois \u00e0 l\u2019\u00e9puisement ou \u00e0 des interrogations contradictoires et complexes qui peuvent fragiliser. Une aide psychologique permet alors de remettre de l\u2019ordre dans ses \u00e9motions et constitue une v\u00e9ritable force pour traverser les \u00e9preuves.<\/p><p><strong>L\u2019int\u00e9r\u00eat d\u2019une aide psychologique<\/strong><\/p><p>Les aidants familiaux sont tr\u00e8s souvent confront\u00e9s \u00e0 des situations d\u00e9licates li\u00e9es \u00e0 la maladie de la personne aid\u00e9e. En effet, il n\u2019est pas toujours facile de voir son proche en souffrance et de r\u00e9pondre correctement \u00e0 ses besoins, ses envies ou ses peurs. Dans certains cas, l\u2019aidant doit prendre des d\u00e9cisions difficiles comme celle du placement en \u00e9tablissement sp\u00e9cialis\u00e9, souvent contre la volont\u00e9 de son proche. De plus, l\u2019\u00e9puisement physique et\/ou psychologique n\u2019aide pas et a tendance \u00e0 isoler l\u2019aidant d\u00e9j\u00e0 tr\u00e8s fragile. Un soutien psychologique est alors le bienvenu. Il offre \u00e0 l\u2019aidant un espace de parole qui lui permet de verbaliser librement ses \u00e9motions et de trouver des solutions pour faire face aux \u00e9v\u00e8nements.<\/p><p>Il s\u2019agit ici de trouver le soutien et le r\u00e9confort n\u00e9cessaires pour \u00ab\u00a0durer\u00a0\u00bb dans la situation d\u2019aide, notamment en favorisant l\u2019expression des \u00e9motions et des sentiments. Fatigue physique, \u00e9puisement moral, souffrance&#8230;<\/p><\/div>\n\t\t\t\t<\/div>\n\t\t\t\t<\/div>\n\t\t\t\t\t\t<\/div>\n\t\t\t<\/div>\n\t\t<\/div>\n\t\t\t\t\t\t<\/div>\n\t\t\t<\/div>\n\t\t<\/section>\n\t\t\t\t\t\t<\/div>\n\t\t\t<\/div>\n\t\t<\/div>\n\t\t\t\t\t\t<\/div>\n\t\t\t<\/div>\n\t\t<\/section>\n\t\t\t\t\t\t<\/div>\n\t\t\t<\/div>\n\t\t<\/div>\n\t\t","protected":false},"excerpt":{"rendered":"<p>Les Aidants Aider un proche d\u00e9pendant est une situation difficile qui conduit parfois \u00e0 l\u2019\u00e9puisement ou \u00e0 des interrogations contradictoires et complexes qui peuvent fragiliser. Une aide psychologique permet alors de remettre de l\u2019ordre dans ses \u00e9motions et constitue une v\u00e9ritable force pour traverser les \u00e9preuves. L\u2019int\u00e9r\u00eat d\u2019une aide psychologique Les aidants familiaux sont tr\u00e8s souvent confront\u00e9s \u00e0 des situations<\/p>\n<p><a class=\"more-link\" href=\"https:\/\/neuropsy-pinsjustaret.fr\/?page_id=44\">Read More<\/a><\/p>\n","protected":false},"author":1,"featured_media":0,"parent":0,"menu_order":0,"comment_status":"closed","ping_status":"closed","template":"","meta":{"footnotes":""},"class_list":["post-44","page","type-page","status-publish","hentry"],"_links":{"self":[{"href":"https:\/\/neuropsy-pinsjustaret.fr\/index.php?rest_route=\/wp\/v2\/pages\/44"}],"collection":[{"href":"https:\/\/neuropsy-pinsjustaret.fr\/index.php?rest_route=\/wp\/v2\/pages"}],"about":[{"href":"https:\/\/neuropsy-pinsjustaret.fr\/index.php?rest_route=\/wp\/v2\/types\/page"}],"author":[{"embeddable":true,"href":"https:\/\/neuropsy-pinsjustaret.fr\/index.php?rest_route=\/wp\/v2\/users\/1"}],"replies":[{"embeddable":true,"href":"https:\/\/neuropsy-pinsjustaret.fr\/index.php?rest_route=%2Fwp%2Fv2%2Fcomments&post=44"}],"version-history":[{"count":2,"href":"https:\/\/neuropsy-pinsjustaret.fr\/index.php?rest_route=\/wp\/v2\/pages\/44\/revisions"}],"predecessor-version":[{"id":96,"href":"https:\/\/neuropsy-pinsjustaret.fr\/index.php?rest_route=\/wp\/v2\/pages\/44\/revisions\/96"}],"wp:attachment":[{"href":"https:\/\/neuropsy-pinsjustaret.fr\/index.php?rest_route=%2Fwp%2Fv2%2Fmedia&parent=44"}],"curies":[{"name":"wp","href":"https:\/\/api.w.org\/{rel}","templated":true}]}}