{"id":50,"date":"2019-10-30T10:06:26","date_gmt":"2019-10-30T09:06:26","guid":{"rendered":"http:\/\/neuropsy-pinsjustaret.fr\/?page_id=50"},"modified":"2019-10-30T13:56:00","modified_gmt":"2019-10-30T12:56:00","slug":"mentions-legales","status":"publish","type":"page","link":"https:\/\/neuropsy-pinsjustaret.fr\/?page_id=50","title":{"rendered":"Mentions L\u00e9gales"},"content":{"rendered":"\t\t<div data-elementor-type=\"wp-page\" data-elementor-id=\"50\" class=\"elementor elementor-50\" data-elementor-settings=\"[]\">\n\t\t\t<div class=\"elementor-inner\">\n\t\t\t\t<div class=\"elementor-section-wrap\">\n\t\t\t\t\t\t\t<section class=\"elementor-element elementor-element-97e7648 elementor-section-boxed elementor-section-height-default elementor-section-height-default elementor-section elementor-top-section\" data-id=\"97e7648\" data-element_type=\"section\">\n\t\t\t\t\t\t<div class=\"elementor-container elementor-column-gap-default\">\n\t\t\t\t<div class=\"elementor-row\">\n\t\t\t\t<div class=\"elementor-element elementor-element-96c0ebf elementor-column elementor-col-100 elementor-top-column\" data-id=\"96c0ebf\" data-element_type=\"column\">\n\t\t\t<div class=\"elementor-column-wrap  elementor-element-populated\">\n\t\t\t\t\t<div class=\"elementor-widget-wrap\">\n\t\t\t\t<div class=\"elementor-element elementor-element-a47b054 elementor-widget elementor-widget-text-editor\" data-id=\"a47b054\" data-element_type=\"widget\" data-widget_type=\"text-editor.default\">\n\t\t\t\t<div class=\"elementor-widget-container\">\n\t\t\t\t\t<div class=\"elementor-text-editor elementor-clearfix\"><p>Toute personne physique acc\u00e9dant au site internet \u00e0 l\u2019adresse URL suivante :www.neuropsy-pinsjustaret.fr d\u00e9clare avoir pris au pr\u00e9alable connaissance des termes et conditions ci-dessous et les avoir accept\u00e9s int\u00e9gralement et sans r\u00e9serve.<\/p><p>Cabinet de neuropsychologie, SIRET:\u00a0<\/p><p>domicili\u00e9 au Cabinet pluridisciplinaire, 1 Chemin de la Gare, 1et \u00e9tage, 31860 PINS JUSTARET<\/p><p>T\u00e9l\u00e9phone: 06 80 64 55 84, email:\u00a0<a href=\"mailto:neuropsy.pinsjustaret@gmail.com\">neuropsy.pinsjustaret@gmail.com<\/a><\/p><p>Site internet: www.neuropsy-pinsjustaret.fr<\/p><p><a href=\"https:\/\/www.legifrance.gouv.fr\/affichTexte.do?cidTexte=JORFTEXT000000788285\">Mentions l\u00e9gales en vertu de la loi n\u00b02004-575 du 21 juin 2004 pour la confiance dans l\u2019\u00e9conomie num\u00e9rique.<\/a><\/p><p>Les informations recueillies font l\u2019objet d\u2019un traitement informatique.\u00a0Conform\u00e9ment \u00e0 la loi \u00ab informatique et libert\u00e9s \u00bb du 6 janvier 1978 modifi\u00e9e en 2004, vous b\u00e9n\u00e9ficiez d\u2019un droit d\u2019acc\u00e8s et de rectification aux informations qui vous concernent, que vous pouvez exercer en vous adressant \u00e0 C\u00e9line Vervueren.\u00a0Vous pouvez \u00e9galement, pour des motifs l\u00e9gitimes, vous opposer au traitement des donn\u00e9es vous concernant.<\/p><p>Conform\u00e9ment\u00a0<a href=\"https:\/\/eur04.safelinks.protection.outlook.com\/?url=https%3A%2F%2Fwww.cnil.fr%2Ffr%2Freglement-europeen-protection-donnees%2Fchapitre3%23Article13&amp;data=02%7C01%7C%7Cd7a2e5f17b244fee735c08d5bb07f220%7C84df9e7fe9f640afb435aaaaaaaaaaaa%7C1%7C0%7C636620565168727998&amp;sdata=kkO0qolsbJ%2BXI%2BxMRUNXhq0h2xC1V87xUsVRqxmJ1oM%3D&amp;reserved=0\">aux articles 13 et 14<\/a>\u00a0du r\u00e8glement (UE) g\u00e9n\u00e9ral sur la protection des donn\u00e9es 2016\/679 du Parlement europ\u00e9en et du Conseil du 27 avril 2016 et l\u2019article 32 de la loi \u00ab\u00a0informatique et libert\u00e9s\u00a0\u00bb du 6 janvier 1978 modifi\u00e9e en 2004,\u00a0 le directeur de publication de ce site vous informe que :<\/p><ul><li>Le cabinet est responsable du fichier dont les coordonn\u00e9es sont pr\u00e9cis\u00e9es ci-dessus.<\/li><li>La finalit\u00e9 du traitement de ces donn\u00e9es est la prise de rendez-vous.<\/li><li>Le destinataire est C\u00e9line Vervueren.<\/li><li>Pour la prise de rendez-vous, les donn\u00e9es seront conserv\u00e9es 5 ans \u00e0 compter de la date de consultation (ceci si un rendez-vous est fix\u00e9 et si une consultation est d\u00e9livr\u00e9e). Dans l\u2019hypoth\u00e8se o\u00f9 la personne concern\u00e9e n\u2019honore pas son rendez-vous, les donn\u00e9es seront effac\u00e9es le jour suivant du rendez-vous non honor\u00e9.<\/li><li>Vous b\u00e9n\u00e9ficiez d\u2019un droit d\u2019acc\u00e8s, de rectification ou d\u2019effacement de vos donn\u00e9es personnelles que vous pouvez demander au Cabinet.<\/li><li>Vous b\u00e9n\u00e9ficiez du droit de demander une limitation du traitement de vos donn\u00e9es personnelles.<\/li><li>Vous b\u00e9n\u00e9ficiez du droit de vous opposer au traitement de vos donn\u00e9es personnelles et du droit \u00e0 la portabilit\u00e9 de vos donn\u00e9es.<\/li><li>Vous pouvez retirer votre consentement au traitement de vos donn\u00e9es personnelles et ceci \u00e0 tout moment par courriel ou lettre postale \u00e0 l\u2019attention du Cabinet.<\/li><li>Vous pouvez introduire une r\u00e9clamation aupr\u00e8s de la CNIL (site de la CNIL:\u00a0<a href=\"https:\/\/eur04.safelinks.protection.outlook.com\/?url=http%3A%2F%2Fwww.cnil.fr&amp;data=02%7C01%7C%7Cd7a2e5f17b244fee735c08d5bb07f220%7C84df9e7fe9f640afb435aaaaaaaaaaaa%7C1%7C0%7C636620565168884253&amp;sdata=yOu8Z9o%2BjA1ZFsMTb9%2Fr6jCHg5YwhkN43HNJas%2BePY8%3D&amp;reserved=0\">www.cnil.fr<\/a>)\u00a0si vous estimez que la protection de vos donn\u00e9es personnelles n\u2019a pas \u00e9t\u00e9 assur\u00e9e dans le cadre de la prestation qui vous a \u00e9t\u00e9 propos\u00e9e.<\/li><\/ul><p>Le Site peut envoyer des cookies relatifs \u00e0 la navigation sur le Site effectu\u00e9e \u00e0 partir de l\u2019ordinateur utilis\u00e9 par l\u2019Internaute, sans que ce dernier ne puisse \u00eatre identifi\u00e9. L\u2019Internaute, qui reconna\u00eet \u00eatre parfaitement inform\u00e9 de cette pratique, peut refuser l\u2019enregistrement de cookies en modifiant les param\u00e8tres ou options de son logiciel de navigation.<\/p><p>Site internet r\u00e9alis\u00e9 avec l\u2019application WORDPRESS<\/p><p class=\"p1\">par Axelle Picard, graphiste, SIRET:\u00a0<i>49875455500031\u00a0<\/i><a href=\"https:\/\/graphisme-toulouse.fr\/\">https:\/\/graphisme-toulouse.fr\/<\/a><\/p><div dir=\"ltr\">H\u00e9bergeur: SAS OVH \u2013\u00a0<a href=\"https:\/\/www.ovh.com\/\">https:\/\/www.ovh.com<\/a><\/div><div dir=\"ltr\">2 rue Kellermann \u2013\u00a0BP 80157 \u2013\u00a059100 Roubaix<\/div><\/div>\n\t\t\t\t<\/div>\n\t\t\t\t<\/div>\n\t\t\t\t\t\t<\/div>\n\t\t\t<\/div>\n\t\t<\/div>\n\t\t\t\t\t\t<\/div>\n\t\t\t<\/div>\n\t\t<\/section>\n\t\t\t\t\t\t<\/div>\n\t\t\t<\/div>\n\t\t<\/div>\n\t\t","protected":false},"excerpt":{"rendered":"<p>Toute personne physique acc\u00e9dant au site internet \u00e0 l\u2019adresse URL suivante :www.neuropsy-pinsjustaret.fr d\u00e9clare avoir pris au pr\u00e9alable connaissance des termes et conditions ci-dessous et les avoir accept\u00e9s int\u00e9gralement et sans r\u00e9serve. Cabinet de neuropsychologie, SIRET:\u00a0 domicili\u00e9 au Cabinet pluridisciplinaire, 1 Chemin de la Gare, 1et \u00e9tage, 31860 PINS JUSTARET T\u00e9l\u00e9phone: 06 80 64 55 84, email:\u00a0neuropsy.pinsjustaret@gmail.com Site internet: www.neuropsy-pinsjustaret.fr Mentions<\/p>\n<p><a class=\"more-link\" href=\"https:\/\/neuropsy-pinsjustaret.fr\/?page_id=50\">Read More<\/a><\/p>\n","protected":false},"author":1,"featured_media":0,"parent":0,"menu_order":0,"comment_status":"closed","ping_status":"closed","template":"","meta":{"footnotes":""},"class_list":["post-50","page","type-page","status-publish","hentry"],"_links":{"self":[{"href":"https:\/\/neuropsy-pinsjustaret.fr\/index.php?rest_route=\/wp\/v2\/pages\/50"}],"collection":[{"href":"https:\/\/neuropsy-pinsjustaret.fr\/index.php?rest_route=\/wp\/v2\/pages"}],"about":[{"href":"https:\/\/neuropsy-pinsjustaret.fr\/index.php?rest_route=\/wp\/v2\/types\/page"}],"author":[{"embeddable":true,"href":"https:\/\/neuropsy-pinsjustaret.fr\/index.php?rest_route=\/wp\/v2\/users\/1"}],"replies":[{"embeddable":true,"href":"https:\/\/neuropsy-pinsjustaret.fr\/index.php?rest_route=%2Fwp%2Fv2%2Fcomments&post=50"}],"version-history":[{"count":2,"href":"https:\/\/neuropsy-pinsjustaret.fr\/index.php?rest_route=\/wp\/v2\/pages\/50\/revisions"}],"predecessor-version":[{"id":104,"href":"https:\/\/neuropsy-pinsjustaret.fr\/index.php?rest_route=\/wp\/v2\/pages\/50\/revisions\/104"}],"wp:attachment":[{"href":"https:\/\/neuropsy-pinsjustaret.fr\/index.php?rest_route=%2Fwp%2Fv2%2Fmedia&parent=50"}],"curies":[{"name":"wp","href":"https:\/\/api.w.org\/{rel}","templated":true}]}}